{"id":319,"date":"2018-01-05T15:13:47","date_gmt":"2018-01-05T15:13:47","guid":{"rendered":"https:\/\/www.nativafmcuiaba.com.br\/?page_id=319"},"modified":"2023-04-17T15:50:46","modified_gmt":"2023-04-17T19:50:46","slug":"home-1","status":"publish","type":"page","link":"https:\/\/www.nativafmcuiaba.com.br\/","title":{"rendered":"Home 1"},"content":{"rendered":"<section class=\"wpb-content-wrapper\"><p>[vc_row full_width=&#8221;stretch_row_content_no_spaces&#8221; hide_bg_image_on_tablet=&#8221;&#8221; hide_bg_image_on_mobile=&#8221;&#8221; shape_divider_top_front=&#8221;&#8221; shape_divider_bottom_front=&#8221;&#8221; row_delimiter=&#8221;&#8221; hide_on_desktop=&#8221;&#8221; hide_on_notebook=&#8221;&#8221; hide_on_tablet=&#8221;&#8221; hide_on_mobile=&#8221;&#8221; hide_on_frontpage=&#8221;&#8221; css=&#8221;.vc_custom_1680270900636{margin-top: 0px !important;margin-bottom: 0px !important;padding-top: 0px !important;padding-bottom: 0px !important;}&#8221;][vc_column icons_position=&#8221;left&#8221;]\n\t\t\t<!-- START Slider 1 REVOLUTION SLIDER 6.1.5 --><p class=\"rs-p-wp-fix\"><\/p>\n\t\t\t<rs-module-wrap id=\"rev_slider_1_1_wrapper\" data-source=\"gallery\" style=\"background:transparent;padding:0;margin:0px auto;margin-top:0;margin-bottom:0;\">\n\t\t\t\t<rs-module id=\"rev_slider_1_1\" style=\"display:none;\" data-version=\"6.1.5\">\n\t\t\t\t\t<rs-slides>\n\t\t\t\t\t\t<rs-slide data-key=\"rs-1\" data-title=\"Slide\" data-anim=\"ei:d;eo:d;s:1000;r:0;t:fade;sl:0;\">\n\t\t\t\t\t\t\t<img src=\"\/\/www.nativafmcuiaba.com.br\/wp-content\/plugins\/revslider\/public\/assets\/assets\/dummy.png\" width=\"1920\" height=\"800\" data-lazyload=\"\/\/www.nativafmcuiaba.com.br\/wp-content\/uploads\/2023\/05\/Capa-Site.png\" class=\"rev-slidebg\" data-no-retina>\n<!---->\t\t\t\t\t\t<\/rs-slide>\n\t\t\t\t\t<\/rs-slides>\n\t\t\t\t\t<rs-progress class=\"rs-bottom\" style=\"visibility: hidden !important;\"><\/rs-progress>\n\t\t\t\t<\/rs-module>\n\t\t\t\t<script type=\"text\/javascript\">\n\t\t\t\t\tsetREVStartSize({c: 'rev_slider_1_1',rl:[1240,1024,778,480],el:[800],gw:[1920],gh:[800],layout:'fullwidth',mh:\"0\"});\n\t\t\t\t\tvar\trevapi1,\n\t\t\t\t\t\ttpj;\n\t\t\t\t\tjQuery(function() {\n\t\t\t\t\t\ttpj = jQuery;\n\t\t\t\t\t\tif(tpj(\"#rev_slider_1_1\").revolution == undefined){\n\t\t\t\t\t\t\trevslider_showDoubleJqueryError(\"#rev_slider_1_1\");\n\t\t\t\t\t\t}else{\n\t\t\t\t\t\t\trevapi1 = tpj(\"#rev_slider_1_1\").show().revolution({\n\t\t\t\t\t\t\t\tjsFileLocation:\"\/\/www.nativafmcuiaba.com.br\/wp-content\/plugins\/revslider\/public\/assets\/js\/\",\n\t\t\t\t\t\t\t\tsliderLayout:\"fullwidth\",\n\t\t\t\t\t\t\t\tvisibilityLevels:\"1240,1024,778,480\",\n\t\t\t\t\t\t\t\tgridwidth:1920,\n\t\t\t\t\t\t\t\tgridheight:800,\n\t\t\t\t\t\t\t\tminHeight:\"\",\n\t\t\t\t\t\t\t\tlazyType:\"single\",\n\t\t\t\t\t\t\t\tspinner:\"spinner0\",\n\t\t\t\t\t\t\t\teditorheight:\"800,768,960,720\",\n\t\t\t\t\t\t\t\tresponsiveLevels:\"1240,1024,778,480\",\n\t\t\t\t\t\t\t\tdisableProgressBar:\"on\",\n\t\t\t\t\t\t\t\tnavigation: {\n\t\t\t\t\t\t\t\t\tmouseScrollNavigation:\"on\",\n\t\t\t\t\t\t\t\t\tonHoverStop:false\n\t\t\t\t\t\t\t\t},\n\t\t\t\t\t\t\t\tfallbacks: {\n\t\t\t\t\t\t\t\t\tallowHTML5AutoPlayOnAndroid:true\n\t\t\t\t\t\t\t\t},\n\t\t\t\t\t\t\t});\n\t\t\t\t\t\t}\n\t\t\t\t\t\t\n\t\t\t\t\t});\n\t\t\t\t<\/script>\n\t\t\t<\/rs-module-wrap>\n\t\t\t<!-- END REVOLUTION SLIDER -->\n[\/vc_column][\/vc_row][vc_row full_width=&#8221;stretch_row_content_no_spaces&#8221; hide_bg_image_on_tablet=&#8221;&#8221; hide_bg_image_on_mobile=&#8221;&#8221; css=&#8221;.vc_custom_1680544691325{margin-top: 0px !important;margin-bottom: 0px !important;padding-top: 0px !important;padding-bottom: 0px !important;background-position: center !important;background-repeat: no-repeat !important;background-size: cover !important;}&#8221;][vc_column icons_position=&#8221;left&#8221;]<div id=\"sc_title_417828009\"\r\n\t\tclass=\"sc_title color_style_default sc_title_default\"><div class=\"title-wrap al-left\"><div class=\"style-bg\"><h2 class=\"sc_item_title sc_title_title sc_align_left sc_item_title_style_default\">Not\u00edcias<\/h2><\/div><\/div><div class=\"al-left\"><h6 class=\"sc_item_subtitle sc_title_subtitle sc_align_left sc_item_title_style_default\">Fique Ligado<\/h6><\/div><\/div><!-- \/.sc_title -->[vc_empty_space height=&#8221;3em&#8221; alter_height=&#8221;none&#8221; hide_on_desktop=&#8221;&#8221; hide_on_notebook=&#8221;&#8221; hide_on_tablet=&#8221;&#8221; hide_on_mobile=&#8221;&#8221;][vc_empty_space height=&#8221;1.9em&#8221; alter_height=&#8221;none&#8221; hide_on_desktop=&#8221;&#8221; hide_on_notebook=&#8221;&#8221; hide_on_tablet=&#8221;&#8221; hide_on_mobile=&#8221;1&#8243;][\/vc_column][\/vc_row][vc_row full_width=&#8221;stretch_row_content_no_spaces&#8221;][vc_column icons_position=&#8221;left&#8221;]<div id=\"widget_recent_news_202107541\" class=\"sc_recent_news sc_recent_news_style_news-announce sc_recent_news_with_accented\"><article \n\tclass=\"post_item post_layout_news-announce post_format_standard post_size_medium posts_6 post-1380 post type-post status-publish format-standard has-post-thumbnail hentry category-noticias tag-atriz tag-filme tag-leandra-leal tag-marilia-mendonca\"\t\t>\n\n\t<div class=\"post_featured with_thumb hover_none post_featured_bg sounder_inline_1224820382\"><div class=\"mask\"><\/div><a href=\"https:\/\/www.nativafmcuiaba.com.br\/index.php\/2023\/11\/21\/filme-sobre-marilia-mendonca-atriz-global-pode-interpretar-a-rainha-da-sofrencia\/\" aria-hidden=\"true\" class=\"icons\"><\/a><div class=\"post_header\"><div class=\"line-one\"><div class=\"post_meta\"> <a href=\"#\" class=\"post_meta_item post_counters_item post_counters_likes trx_addons_icon-heart-empty enabled\" title=\"Like\" data-postid=\"1380\" data-likes=\"2\" data-title-like=\"Like\"\tdata-title-dislike=\"Dislike\"><span class=\"post_counters_number\">2<\/span><span class=\"post_counters_label\">Likes<\/span><\/a> <\/div><!-- .post_meta --><div class=\"post_categories\"><a href=\"https:\/\/www.nativafmcuiaba.com.br\/index.php\/category\/noticias\/\" title=\"View all posts in Not\u00edcias\">Not\u00edcias<\/a><\/div><\/div><h5 class=\"post_title\"><a href=\"https:\/\/www.nativafmcuiaba.com.br\/index.php\/2023\/11\/21\/filme-sobre-marilia-mendonca-atriz-global-pode-interpretar-a-rainha-da-sofrencia\/\">Filme sobre Mar\u00edlia Mendon\u00e7a: atriz global pode interpretar a rainha da sofr\u00eancia<\/a><\/h5><\/div><\/div><\/article><article \n\tclass=\"post_item post_layout_news-announce post_format_standard post_size_medium posts_6 post-1377 post type-post status-publish format-standard has-post-thumbnail hentry category-noticias tag-dupla tag-maraisa tag-noivado\"\t\t>\n\n\t<div class=\"post_featured with_thumb hover_none post_featured_bg sounder_inline_980067705\"><div class=\"mask\"><\/div><a href=\"https:\/\/www.nativafmcuiaba.com.br\/index.php\/2023\/11\/21\/maraisa-confirma-fim-do-noivado-apos-apagar-fotos-complicado-pra-mim\/\" aria-hidden=\"true\" class=\"icons\"><\/a><div class=\"post_header\"><div class=\"line-one\"><div class=\"post_meta\"> <a href=\"#\" class=\"post_meta_item post_counters_item post_counters_likes trx_addons_icon-heart-empty enabled\" title=\"Like\" data-postid=\"1377\" data-likes=\"0\" data-title-like=\"Like\"\tdata-title-dislike=\"Dislike\"><span class=\"post_counters_number\">0<\/span><span class=\"post_counters_label\">Likes<\/span><\/a> <\/div><!-- .post_meta --><div class=\"post_categories\"><a href=\"https:\/\/www.nativafmcuiaba.com.br\/index.php\/category\/noticias\/\" title=\"View all posts in Not\u00edcias\">Not\u00edcias<\/a><\/div><\/div><h5 class=\"post_title\"><a href=\"https:\/\/www.nativafmcuiaba.com.br\/index.php\/2023\/11\/21\/maraisa-confirma-fim-do-noivado-apos-apagar-fotos-complicado-pra-mim\/\">Maraisa confirma fim do noivado ap\u00f3s apagar fotos: &#8216;Complicado pra mim&#8217;<\/a><\/h5><\/div><\/div><\/article><article \n\tclass=\"post_item post_layout_news-announce post_format_standard post_size_small posts_6 post-1373 post type-post status-publish format-standard has-post-thumbnail hentry category-noticias tag-cigarro-eletronico tag-solange-almeida tag-vape\"\t\t>\n\n\t<div class=\"post_featured with_thumb hover_none post_featured_bg sounder_inline_892090740\"><div class=\"mask\"><\/div><a href=\"https:\/\/www.nativafmcuiaba.com.br\/index.php\/2023\/10\/16\/solange-almeida-fala-sobre-problema-de-saude-apos-vicio-em-cigarro-eletronico\/\" aria-hidden=\"true\" class=\"icons\"><\/a><div class=\"post_header\"><div class=\"line-one\"><div class=\"post_meta\"> <a href=\"#\" class=\"post_meta_item post_counters_item post_counters_likes trx_addons_icon-heart-empty enabled\" title=\"Like\" data-postid=\"1373\" data-likes=\"0\" data-title-like=\"Like\"\tdata-title-dislike=\"Dislike\"><span class=\"post_counters_number\">0<\/span><span class=\"post_counters_label\">Likes<\/span><\/a> <\/div><!-- .post_meta --><div class=\"post_categories\"><a href=\"https:\/\/www.nativafmcuiaba.com.br\/index.php\/category\/noticias\/\" title=\"View all posts in Not\u00edcias\">Not\u00edcias<\/a><\/div><\/div><h5 class=\"post_title\"><a href=\"https:\/\/www.nativafmcuiaba.com.br\/index.php\/2023\/10\/16\/solange-almeida-fala-sobre-problema-de-saude-apos-vicio-em-cigarro-eletronico\/\">Solange Almeida fala sobre problema de sa\u00fade ap\u00f3s v\u00edcio em cigarro eletr\u00f4nico<\/a><\/h5><\/div><\/div><\/article><article \n\tclass=\"post_item post_layout_news-announce post_format_standard post_size_small posts_6 post-1366 post type-post status-publish format-standard has-post-thumbnail hentry category-noticias tag-album tag-gabriel-diniz tag-ia tag-inteligencia-artificial\"\t\t>\n\n\t<div class=\"post_featured with_thumb hover_none post_featured_bg sounder_inline_533856670\"><div class=\"mask\"><\/div><a href=\"https:\/\/www.nativafmcuiaba.com.br\/index.php\/2023\/10\/16\/pai-de-gabriel-diniz-anuncia-album-postumo-com-inteligencia-artificial\/\" aria-hidden=\"true\" class=\"icons\"><\/a><div class=\"post_header\"><div class=\"line-one\"><div class=\"post_meta\"> <a href=\"#\" class=\"post_meta_item post_counters_item post_counters_likes trx_addons_icon-heart-empty enabled\" title=\"Like\" data-postid=\"1366\" data-likes=\"0\" data-title-like=\"Like\"\tdata-title-dislike=\"Dislike\"><span class=\"post_counters_number\">0<\/span><span class=\"post_counters_label\">Likes<\/span><\/a> <\/div><!-- .post_meta --><div class=\"post_categories\"><a href=\"https:\/\/www.nativafmcuiaba.com.br\/index.php\/category\/noticias\/\" title=\"View all posts in Not\u00edcias\">Not\u00edcias<\/a><\/div><\/div><h5 class=\"post_title\"><a href=\"https:\/\/www.nativafmcuiaba.com.br\/index.php\/2023\/10\/16\/pai-de-gabriel-diniz-anuncia-album-postumo-com-inteligencia-artificial\/\">Pai de Gabriel Diniz anuncia \u00e1lbum p\u00f3stumo com intelig\u00eancia artificial<\/a><\/h5><\/div><\/div><\/article><article \n\tclass=\"post_item post_layout_news-announce post_format_standard post_size_small posts_6 post-1363 post type-post status-publish format-standard has-post-thumbnail hentry category-noticias tag-cantor tag-dyane-akacio tag-filha tag-leonardo tag-pensao\"\t\t>\n\n\t<div class=\"post_featured with_thumb hover_none post_featured_bg sounder_inline_838293880\"><div class=\"mask\"><\/div><a href=\"https:\/\/www.nativafmcuiaba.com.br\/index.php\/2023\/10\/16\/suposta-filha-de-leonardo-nega-querer-dinheiro-do-cantor-saber-a-verdade\/\" aria-hidden=\"true\" class=\"icons\"><\/a><div class=\"post_header\"><div class=\"line-one\"><div class=\"post_meta\"> <a href=\"#\" class=\"post_meta_item post_counters_item post_counters_likes trx_addons_icon-heart-empty enabled\" title=\"Like\" data-postid=\"1363\" data-likes=\"0\" data-title-like=\"Like\"\tdata-title-dislike=\"Dislike\"><span class=\"post_counters_number\">0<\/span><span class=\"post_counters_label\">Likes<\/span><\/a> <\/div><!-- .post_meta --><div class=\"post_categories\"><a href=\"https:\/\/www.nativafmcuiaba.com.br\/index.php\/category\/noticias\/\" title=\"View all posts in Not\u00edcias\">Not\u00edcias<\/a><\/div><\/div><h5 class=\"post_title\"><a href=\"https:\/\/www.nativafmcuiaba.com.br\/index.php\/2023\/10\/16\/suposta-filha-de-leonardo-nega-querer-dinheiro-do-cantor-saber-a-verdade\/\">Suposta filha de Leonardo nega querer dinheiro do cantor: \u201cSaber a verdade\u201d<\/a><\/h5><\/div><\/div><\/article><article \n\tclass=\"post_item post_layout_news-announce post_format_standard post_size_small posts_6 post-1351 post type-post status-publish format-standard has-post-thumbnail hentry category-noticias tag-alopecia tag-cabelo tag-cantora tag-doenca tag-maiara\"\t\t>\n\n\t<div class=\"post_featured with_thumb hover_none post_featured_bg sounder_inline_749947233\"><div class=\"mask\"><\/div><a href=\"https:\/\/www.nativafmcuiaba.com.br\/index.php\/2023\/08\/25\/maiara-dupla-de-maraisa-enfrenta-diagnostico-de-doenca-preocupante\/\" aria-hidden=\"true\" class=\"icons\"><\/a><div class=\"post_header\"><div class=\"line-one\"><div class=\"post_meta\"> <a href=\"#\" class=\"post_meta_item post_counters_item post_counters_likes trx_addons_icon-heart-empty enabled\" title=\"Like\" data-postid=\"1351\" data-likes=\"0\" data-title-like=\"Like\"\tdata-title-dislike=\"Dislike\"><span class=\"post_counters_number\">0<\/span><span class=\"post_counters_label\">Likes<\/span><\/a> <\/div><!-- .post_meta --><div class=\"post_categories\"><a href=\"https:\/\/www.nativafmcuiaba.com.br\/index.php\/category\/noticias\/\" title=\"View all posts in Not\u00edcias\">Not\u00edcias<\/a><\/div><\/div><h5 class=\"post_title\"><a href=\"https:\/\/www.nativafmcuiaba.com.br\/index.php\/2023\/08\/25\/maiara-dupla-de-maraisa-enfrenta-diagnostico-de-doenca-preocupante\/\">Maiara, dupla de Maraisa, enfrenta diagn\u00f3stico de doen\u00e7a preocupante<\/a><\/h5><\/div><\/div><\/article><\/div><!-- \/.sc_recent_news -->[\/vc_column][\/vc_row][vc_row full_width=&#8221;stretch_row_content_no_spaces&#8221; hide_bg_image_on_tablet=&#8221;&#8221; hide_bg_image_on_mobile=&#8221;&#8221; css=&#8221;.vc_custom_1680544701853{margin-top: 0px !important;margin-bottom: 0px !important;padding-top: 0px !important;padding-bottom: 0px !important;background-position: center !important;background-repeat: no-repeat !important;background-size: cover !important;}&#8221;][vc_column icons_position=&#8221;left&#8221;]<div id=\"sc_title_951332987\"\r\n\t\tclass=\"sc_title color_style_default sc_title_default\"><div class=\"title-wrap al-left\"><div class=\"style-bg\"><h2 class=\"sc_item_title sc_title_title sc_align_left sc_item_title_style_default\">@nativafmcuiaba<\/h2><\/div><\/div><\/div><!-- \/.sc_title -->[vc_empty_space height=&#8221;3em&#8221; alter_height=&#8221;none&#8221; hide_on_desktop=&#8221;&#8221; hide_on_notebook=&#8221;&#8221; hide_on_tablet=&#8221;&#8221; hide_on_mobile=&#8221;&#8221;][vc_empty_space height=&#8221;1.9em&#8221; alter_height=&#8221;none&#8221; hide_on_desktop=&#8221;&#8221; hide_on_notebook=&#8221;&#8221; hide_on_tablet=&#8221;&#8221; hide_on_mobile=&#8221;1&#8243;][\/vc_column][\/vc_row][vc_row full_width=&#8221;stretch_row_content_no_spaces&#8221;][vc_column icons_position=&#8221;left&#8221;][vc_raw_html]JTVCaW5zdGFncmFtLWZlZWQlMjBmZWVkJTNEMSU1RA==[\/vc_raw_html][\/vc_column][\/vc_row]<\/p>\n<\/section>","protected":false},"excerpt":{"rendered":"<p>[vc_row full_width=&#8221;stretch_row_content_no_spaces&#8221; hide_bg_image_on_tablet=&#8221;&#8221; hide_bg_image_on_mobile=&#8221;&#8221; shape_divider_top_front=&#8221;&#8221; shape_divider_bottom_front=&#8221;&#8221; row_delimiter=&#8221;&#8221; hide_on_desktop=&#8221;&#8221; hide_on_notebook=&#8221;&#8221; hide_on_tablet=&#8221;&#8221; hide_on_mobile=&#8221;&#8221; hide_on_frontpage=&#8221;&#8221; css=&#8221;.vc_custom_1680270900636{margin-top: 0px !important;margin-bottom: 0px !important;padding-top: 0px !important;padding-bottom: 0px !important;}&#8221;][vc_column icons_position=&#8221;left&#8221;][\/vc_column][\/vc_row][vc_row full_width=&#8221;stretch_row_content_no_spaces&#8221; hide_bg_image_on_tablet=&#8221;&#8221; hide_bg_image_on_mobile=&#8221;&#8221; css=&#8221;.vc_custom_1680544691325{margin-top: 0px !important;margin-bottom: 0px !important;padding-top: 0px !important;padding-bottom: 0px !important;background-position: center !important;background-repeat: no-repeat !important;background-size: cover !important;}&#8221;][vc_column icons_position=&#8221;left&#8221;][vc_empty_space height=&#8221;3em&#8221; alter_height=&#8221;none&#8221; hide_on_desktop=&#8221;&#8221; hide_on_notebook=&#8221;&#8221; hide_on_tablet=&#8221;&#8221; hide_on_mobile=&#8221;&#8221;][vc_empty_space height=&#8221;1.9em&#8221; alter_height=&#8221;none&#8221; hide_on_desktop=&#8221;&#8221;&hellip;<\/p>\n","protected":false},"author":1,"featured_media":0,"parent":0,"menu_order":0,"comment_status":"closed","ping_status":"closed","template":"","meta":{"_mi_skip_tracking":false,"_exactmetrics_sitenote_active":false,"_exactmetrics_sitenote_note":"","_exactmetrics_sitenote_category":0,"_themeisle_gutenberg_block_has_review":false},"_links":{"self":[{"href":"https:\/\/www.nativafmcuiaba.com.br\/index.php\/wp-json\/wp\/v2\/pages\/319"}],"collection":[{"href":"https:\/\/www.nativafmcuiaba.com.br\/index.php\/wp-json\/wp\/v2\/pages"}],"about":[{"href":"https:\/\/www.nativafmcuiaba.com.br\/index.php\/wp-json\/wp\/v2\/types\/page"}],"author":[{"embeddable":true,"href":"https:\/\/www.nativafmcuiaba.com.br\/index.php\/wp-json\/wp\/v2\/users\/1"}],"replies":[{"embeddable":true,"href":"https:\/\/www.nativafmcuiaba.com.br\/index.php\/wp-json\/wp\/v2\/comments?post=319"}],"version-history":[{"count":19,"href":"https:\/\/www.nativafmcuiaba.com.br\/index.php\/wp-json\/wp\/v2\/pages\/319\/revisions"}],"predecessor-version":[{"id":1259,"href":"https:\/\/www.nativafmcuiaba.com.br\/index.php\/wp-json\/wp\/v2\/pages\/319\/revisions\/1259"}],"wp:attachment":[{"href":"https:\/\/www.nativafmcuiaba.com.br\/index.php\/wp-json\/wp\/v2\/media?parent=319"}],"curies":[{"name":"wp","href":"https:\/\/api.w.org\/{rel}","templated":true}]}}